{"id":2,"date":"2018-04-27T12:50:11","date_gmt":"2018-04-27T12:50:11","guid":{"rendered":"https:\/\/cityhotel.lu\/?page_id=2"},"modified":"2026-01-19T10:58:35","modified_gmt":"2026-01-19T09:58:35","slug":"sample-page","status":"publish","type":"page","link":"https:\/\/cityhotel.lu\/fr\/","title":{"rendered":"Accueil"},"content":{"rendered":"Le City Hotel Luxembourg relie l&rsquo;ancien et le moderne. Le m\u00e9lange entre le style architectural historique unique du b\u00e2timent et le nouveau design avec les tendances actuelles donne \u00e0 l&rsquo;h\u00f4tel un charme tout \u00e0 fait particulier.<\/p>\n<p>Le City Hotel a r\u00e9cemment \u00e9t\u00e9 class\u00e9 dans la cat\u00e9gorie \u00ab\u00a03 \u00e9toiles Sup\u00e9rieur\u00a0\u00bb par Hotelstars Union. L&rsquo;h\u00f4tel est \u00e9galement certifi\u00e9 avec l\u2019<a href=\"https:\/\/cityhotel.lu\/fr\/ecolabel\/\">EcoLabel OR<\/a>.<\/p>\n<p>Gr\u00e2ce \u00e0 sa situation centrale, le City Hotel est id\u00e9alement accessible et \u00e0 proximit\u00e9 imm\u00e9diate de tous les attractions et transports publics qui sont <strong>gratuits au Luxembourg<\/strong> depuis f\u00e9vrier 2020. Le quartier de la gare centrale offre un large choix de restaurants, de bars et de boutiques.","protected":false},"excerpt":{"rendered":"<p>Le City Hotel Luxembourg relie l&rsquo;ancien et le moderne. Le m\u00e9lange entre le style architectural historique unique du b\u00e2timent et le nouveau design avec les tendances actuelles donne \u00e0 l&rsquo;h\u00f4tel un charme&#8230;<\/p>\n","protected":false},"author":1,"featured_media":117,"parent":0,"menu_order":0,"comment_status":"closed","ping_status":"closed","template":"page-home.php","meta":[],"_links":{"self":[{"href":"https:\/\/cityhotel.lu\/fr\/wp-json\/wp\/v2\/pages\/2"}],"collection":[{"href":"https:\/\/cityhotel.lu\/fr\/wp-json\/wp\/v2\/pages"}],"about":[{"href":"https:\/\/cityhotel.lu\/fr\/wp-json\/wp\/v2\/types\/page"}],"author":[{"embeddable":true,"href":"https:\/\/cityhotel.lu\/fr\/wp-json\/wp\/v2\/users\/1"}],"replies":[{"embeddable":true,"href":"https:\/\/cityhotel.lu\/fr\/wp-json\/wp\/v2\/comments?post=2"}],"version-history":[{"count":40,"href":"https:\/\/cityhotel.lu\/fr\/wp-json\/wp\/v2\/pages\/2\/revisions"}],"predecessor-version":[{"id":1164,"href":"https:\/\/cityhotel.lu\/fr\/wp-json\/wp\/v2\/pages\/2\/revisions\/1164"}],"wp:featuredmedia":[{"embeddable":true,"href":"https:\/\/cityhotel.lu\/fr\/wp-json\/wp\/v2\/media\/117"}],"wp:attachment":[{"href":"https:\/\/cityhotel.lu\/fr\/wp-json\/wp\/v2\/media?parent=2"}],"curies":[{"name":"wp","href":"https:\/\/api.w.org\/{rel}","templated":true}]}}