{"id":12,"date":"2018-04-27T13:15:33","date_gmt":"2018-04-27T13:15:33","guid":{"rendered":"https:\/\/cityhotel.lu\/?page_id=12"},"modified":"2019-01-24T14:56:02","modified_gmt":"2019-01-24T13:56:02","slug":"rooms","status":"publish","type":"page","link":"https:\/\/cityhotel.lu\/fr\/rooms\/","title":{"rendered":"Chambres"},"content":{"rendered":"Les 32 chambres non-fumeurs et fra\u00eechement r\u00e9nov\u00e9es ont \u00e9t\u00e9 consid\u00e9rablement am\u00e9lior\u00e9es et r\u00e9agenc\u00e9es. L&rsquo;ameublement, la peinture et les tableaux ont \u00e9t\u00e9 s\u00e9lectionn\u00e9s avec beaucoup de soin et d&rsquo;attention aux d\u00e9tails. De plus, les meubles sont fabriqu\u00e9s en bois certifi\u00e9 durable.<\/p>\n<p>Des modifications substantielles ont \u00e9t\u00e9 apport\u00e9es, telles que la r\u00e9novation compl\u00e8te de la climatisation, de l&rsquo;isolation et de l&rsquo;insonorisation des chambres afin d&rsquo;optimiser le confort essentiel pour un bon sommeil et un climat sain.","protected":false},"excerpt":{"rendered":"<p>Les 32 chambres non-fumeurs et fra\u00eechement r\u00e9nov\u00e9es ont \u00e9t\u00e9 consid\u00e9rablement am\u00e9lior\u00e9es et r\u00e9agenc\u00e9es. L&rsquo;ameublement, la peinture et les tableaux ont \u00e9t\u00e9 s\u00e9lectionn\u00e9s avec beaucoup de soin et d&rsquo;attention aux d\u00e9tails. De plus,&#8230;<\/p>\n","protected":false},"author":1,"featured_media":90,"parent":0,"menu_order":0,"comment_status":"closed","ping_status":"closed","template":"page-rooms.php","meta":[],"_links":{"self":[{"href":"https:\/\/cityhotel.lu\/fr\/wp-json\/wp\/v2\/pages\/12"}],"collection":[{"href":"https:\/\/cityhotel.lu\/fr\/wp-json\/wp\/v2\/pages"}],"about":[{"href":"https:\/\/cityhotel.lu\/fr\/wp-json\/wp\/v2\/types\/page"}],"author":[{"embeddable":true,"href":"https:\/\/cityhotel.lu\/fr\/wp-json\/wp\/v2\/users\/1"}],"replies":[{"embeddable":true,"href":"https:\/\/cityhotel.lu\/fr\/wp-json\/wp\/v2\/comments?post=12"}],"version-history":[{"count":25,"href":"https:\/\/cityhotel.lu\/fr\/wp-json\/wp\/v2\/pages\/12\/revisions"}],"predecessor-version":[{"id":430,"href":"https:\/\/cityhotel.lu\/fr\/wp-json\/wp\/v2\/pages\/12\/revisions\/430"}],"wp:featuredmedia":[{"embeddable":true,"href":"https:\/\/cityhotel.lu\/fr\/wp-json\/wp\/v2\/media\/90"}],"wp:attachment":[{"href":"https:\/\/cityhotel.lu\/fr\/wp-json\/wp\/v2\/media?parent=12"}],"curies":[{"name":"wp","href":"https:\/\/api.w.org\/{rel}","templated":true}]}}