{"id":41,"date":"2018-04-27T15:34:14","date_gmt":"2018-04-27T13:34:14","guid":{"rendered":"https:\/\/cityhotel.lu\/?page_id=41"},"modified":"2023-07-28T08:39:27","modified_gmt":"2023-07-28T06:39:27","slug":"privacy-policy","status":"publish","type":"page","link":"https:\/\/cityhotel.lu\/de\/privacy-policy\/","title":{"rendered":"Datenschutzerkl\u00e4rung"},"content":{"rendered":"<h1 class=\"p1\"><span class=\"s1\">Einf\u00fchrung<\/span><\/h1>\n<p>Wir behandeln Ihre personenbezogenen Daten vertraulich und gem\u00e4\u00df den gesetzlichen Datenschutzbestimmungen Luxemburgs und der EU, darunter die Allgemeine Verordnung zum Schutz personenbezogener Daten (Nr. 679\/2016\/EU) (im Folgenden \u201eDSGVO\u201c), sowie gem\u00e4\u00df dieser Datenschutzerkl\u00e4rung.<\/p>\n<p>Die folgenden Hinweise erl\u00e4utern Ihnen in einfachen Worten, was mit Ihren personenbezogenen Daten geschieht, wenn Sie unsere Website besuchen. Personenbezogene Daten sind alle Daten, mit denen Sie pers\u00f6nlich identifiziert werden k\u00f6nnen. Weitere Informationen zum Datenschutz erhalten Sie in der nachfolgenden Datenschutzerkl\u00e4rung.<\/p>\n<h1>1) Wer ist verantwortlich f\u00fcr die Datenerhebung auf dieser Webseite?<\/h1>\n<p class=\"p2\"><span class=\"s1\">Die Datenverarbeitung auf dieser Webseite erfolgt durch:<\/span><\/p>\n<p class=\"p3\"><span class=\"s2\">City Hotel Luxembourg \/ City Properties s.\u00e0 r.l.<\/span><span class=\"s1\"><br \/>\n<\/span><span class=\"s2\">14, rue de la Gare<\/span><span class=\"s1\"><br \/>\n<\/span><span class=\"s2\">L-7535 Mersch<\/span><span class=\"s1\"><br \/>\n<\/span><span class=\"s2\">T\u00e9l. +352 32 75 76<\/span><span class=\"s1\"><br \/>\n<\/span><span class=\"s2\">B.P. 71, L-7501 Mersch<\/span><span class=\"s1\"><br \/>\n<\/span><span class=\"s2\">E-mail: mail@cityhotel.lu<\/span><\/p>\n<p class=\"p2\">Die verantwortliche Stelle ist die nat\u00fcrliche oder juristische Person, die allein oder gemeinsam mit anderen \u00fcber den Zweck und die Mittel der Verarbeitung von personenbezogenen Daten (z. B. Namen, E-Mail-Adressen usw.) entscheidet.<\/p>\n<p class=\"p3\"><span class=\"s2\">Datenschutzbeauftragter:<\/span><span class=\"s1\"><br \/>\n<\/span><span class=\"s2\">LuxGap s.\u00e0 r.l.<\/span><span class=\"s1\"><br \/>\n<\/span><span class=\"s2\">24a, rue des Trois Cantons<\/span><span class=\"s1\"><br \/>\n<\/span><span class=\"s2\">L-8354 Garnich<\/span><span class=\"s1\"><br \/>\n<\/span><span class=\"s2\">Tel. +352 621 58 35 46<\/span><span class=\"s1\"><br \/>\n<\/span><span class=\"s2\">E-mail:\u00a0<a href=\"mailto:dpo@na-cf.lu\"><span class=\"s3\">dpo@na-cf.lu<\/span><\/a><\/span><\/p>\n<h1 class=\"p1\"><span class=\"s1\">Widerspruch gegen Werbe-E-Mails<\/span><\/h1>\n<p class=\"p2\">Der Nutzung von im Rahmen der Impressumspflicht ver\u00f6ffentlichten Kontaktdaten zur \u00dcbersendung von nicht ausdr\u00fccklich angefordertem Werbe- und Informationsmaterial wird hiermit ausdr\u00fccklich widersprochen. Die Betreiber der Seiten behalten sich ausdr\u00fccklich rechtliche Schritte im Falle der unverlangten Zusendung von Werbeinformationen, etwa durch Spam-Mails, vor.<\/p>\n<h1 class=\"p1\"><span class=\"s1\">2) Welche Daten sammeln wir?<\/span><\/h1>\n<p>Verschiedene personenbezogene Daten werden gesammelt, wenn Sie diese Website nutzen.<\/p>\n<p>Einige Daten werden dadurch erhoben, dass Sie sie uns mitteilen, z. B. indem Sie sie in ein Kontaktformular eingeben oder unseren Newsletter abonnieren.<\/p>\n<p>Andere werden automatisch von unseren Computersystemen erfasst, wenn Sie die Website besuchen. Dabei handelt es sich vor allem um technische Daten und Navigationsdaten (z.B. Internetbrowser, Betriebssystem oder Zeitpunkt, zu dem eine Seite aufgerufen wird). Die Erfassung dieser Daten erfolgt automatisch, sobald Sie auf unsere Website zugreifen.<\/p>\n<p>Ihr Surfverhalten kann statistisch analysiert werden, wenn Sie unsere Website besuchen, haupts\u00e4chlich mithilfe von Cookies und Analyseprogrammen. Die Analyse Ihres Surfverhaltens erfolgt in der Regel anonym, d.h. das Surfverhalten kann nicht auf Sie zur\u00fcckgef\u00fchrt werden. Sie k\u00f6nnen dieser Analyse widersprechen oder sie verhindern, indem Sie auf die Nutzung bestimmter Tools verzichten.<\/p>\n<h2 class=\"p1\"><span class=\"s1\">Cookies<\/span><\/h2>\n<p>Internetseiten verwenden manchmal so genannte \u201eCookies\u201c. Cookies richten auf Ihrem Rechner keinen Schaden an und enthalten keine Viren. Cookies dienen dazu, unser Angebot nutzerfreundlicher, effektiver und sicherer zu machen. Cookies sind kleine Textdateien, die auf Ihrem Ger\u00e4t gespeichert und in Ihrem Browser abgelegt werden.<\/p>\n<p>Die meisten der von uns verwendeten Cookies sind so genannte \u201eSession-Cookies\u201c. Sie werden am Ende Ihres Besuchs automatisch gel\u00f6scht. Andere Cookies bleiben auf Ihrem Ger\u00e4t gespeichert, bis Sie sie l\u00f6schen. Diese Cookies erm\u00f6glichen es uns, Ihren Browser bei Ihrem n\u00e4chsten Besuch wiederzuerkennen.<\/p>\n<p>Cookies, die zur Durchf\u00fchrung des elektronischen Kommunikationsprozesses oder zur Bereitstellung bestimmter Funktionen, die Sie nutzen m\u00f6chten (z.B. die Funktion \u201eWarenkorb\u201c), erforderlich sind, werden gem\u00e4\u00df Art. 6 Abs. 1 Buchst. f DSGVO gespeichert. Der Webseitenbetreiber hat ein berechtigtes Interesse an der Speicherung von Cookies, um die Bereitstellung seiner Dienste technisch fehlerfrei und optimiert zu gestalten. Sogenannte optionale Cookies werden nur mit Ihrer Zustimmung abgelegt.<\/p>\n<p>Weitere Informationen zu den Cookies, die wir auf unserer Website verwenden, finden Sie in unseren <a href=\"https:\/\/cityhotel.lu\/cookies-policy\/\">Cookie-Richtlinien<\/a>.<\/p>\n<h1>3) Zu welchen Zwecken verwenden wir Ihre Daten?<\/h1>\n<p class=\"p2\">Ein Teil der Daten wird erhoben, um die fehlerfreie Bereitstellung unserer Website zu gew\u00e4hrleisten. Andere k\u00f6nnen zur Analyse Ihres Nutzerverhaltens verwendet werden. Dar\u00fcber hinaus verarbeiten wir Ihre Daten, um Ihnen die Informationen oder Dienstleistungen zur Verf\u00fcgung zu stellen, die Sie \u00fcber unser Kontaktformular angefordert haben (z.B. zur Beantwortung einer Kontaktanfrage). Schlie\u00dflich k\u00f6nnen wir Ihre Daten verwenden, um Ihr Abonnement unseres Newsletters zu verwalten.<\/p>\n<h2 class=\"p1\"><span class=\"s1\">Webanalyse<\/span><\/h2>\n<p>Diese Website nutzt den Webanalysedienst Matomo. Mithilfe von Matomo k\u00f6nnen wir Daten \u00fcber die Nutzung unserer Website durch Besucher sammeln und analysieren. So k\u00f6nnen wir unter anderem feststellen, wann welche Seite aufgerufen wurde und aus welcher Region sie kommen. Wir sammeln auch verschiedene Protokolldateien (z. B. IP-Adresse, Referrer, verwendeter Browser und Betriebssystem) und k\u00f6nnen messen, ob die Besucher unserer Website bestimmte Aktionen durchf\u00fchren (z.B. Klicks usw.).<\/p>\n<p>Die Verwendung dieses Analysetools beruht auf Artikel 6 Absatz 1 Buchstabe f DSGVO. Der Webseitenbetreiber hat ein berechtigtes Interesse daran, das Nutzerverhalten zu analysieren, um sowohl sein Webangebot als auch seine Werbung zu optimieren. Sofern eine entsprechende Einwilligung eingeholt wurde, erfolgt die Verarbeitung ausschlie\u00dflich auf Grundlage von Art. 6 Abs. 1 lit. a DSGVO, soweit die Einwilligung die Speicherung von Cookies oder den Zugriff auf Informationen im Endger\u00e4t des Nutzers (z.B. Device-Fingerprinting) umfasst.) Die Einwilligung ist jederzeit widerrufbar.<\/p>\n<p><strong>IP-Anonymisierung<\/strong><br \/>\nBei der Analyse mit Matomo verwenden wir die IP-Anonymisierung. Hierbei wird Ihre IP-Adresse vor der Analyse gek\u00fcrzt, so dass sie nicht mehr eindeutig Ihnen zugeordnet werden kann.<\/p>\n<p><strong>Hosting<\/strong><br \/>\nWir hosten Matomo ausschlie\u00dflich auf unseren eigenen Servern, so dass alle Analysedaten bei uns bleiben und nicht weitergegeben werden.<\/p>\n<h2 class=\"p1\"><span class=\"s1\">Plug-ins und Tools<\/span><\/h2>\n<h3 class=\"p2\"><span class=\"s1\">YouTube<\/span><\/h3>\n<p>Unsere Website verwendet Plug-ins der Website YouTube, die von Google betrieben wird. Der Betreiber der Seite ist YouTube, LLC, 901 Cherry Ave., San Bruno, CA 94066, USA.<\/p>\n<p>Wenn Sie eine unserer mit einem YouTube-Plug-in ausgestatteten Seiten aufrufen, wird eine Verbindung zu den Servern von YouTube hergestellt. Dabei wird der Verlauf der von Ihnen besuchten Seiten unserer Website an den YouTube-Server \u00fcbermittelt.<\/p>\n<p>Wenn Sie in Ihr YouTube-Konto eingeloggt sind, erm\u00f6glichen Sie es YouTube, Ihr Surfverhalten direkt Ihrem pers\u00f6nlichen Profil zuzuordnen. Dies k\u00f6nnen Sie verhindern, indem Sie sich aus Ihrem YouTube-Konto ausloggen.<\/p>\n<p>Die Nutzung von YouTube ist von Ihrer Einwilligung im Sinne von Art. 6 Abs. 1 lit. a DSGVO abh\u00e4ngig.<\/p>\n<p>Weitere Informationen zum Umgang mit Nutzerdaten finden Sie in den Datenschutzbestimmungen von YouTube unter:\u00a0<a href=\"https:\/\/policies.google.com\/privacy?hl=de&amp;gl=de\">https:\/\/policies.google.com\/privacy?hl=de&amp;gl=de<\/a><\/p>\n<h3>Google Maps<\/h3>\n<p class=\"p1\"><span class=\"s1\">Diese Website nutzt den Google Maps-Dienst \u00fcber eine API. Der Lieferant ist Google Inc. 1600 Amphitheatre Parkway, Mountain View, CA 94043, USA.<\/span><\/p>\n<p class=\"p1\"><span class=\"s1\">Ihre IP-Adresse muss registriert sein, um die Funktionen von Google Maps nutzen zu k\u00f6nnen. Diese Informationen werden in der Regel an einen Google-Server in den USA \u00fcbertragen und dort gespeichert. Der Anbieter dieser Seite hat keinen Einfluss auf diese Daten\u00fcbermittlung.<\/span><\/p>\n<p class=\"p1\"><span class=\"s1\">Die Nutzung von Google Maps ist im Interesse einer attraktiven Darstellung unserer Online-Angebote und der einfachen Suche nach den auf unserer Website angegebenen Orten. Dies ist ein berechtigtes Interesse im Sinne von Artikel 6 Absatz 1 Buchstabe f) des DGPS.<\/span><\/p>\n<p class=\"p1\"><span class=\"s1\">Weitere Informationen zur Verwaltung von Benutzerdaten finden Sie in der Datenschutzerkl\u00e4rung von Google: <a href=\"https:\/\/www.google.fr\/intl\/fr\/policies\/privacy\/\"><span class=\"s2\">https:\/\/www.google.fr\/intl\/fr\/policies\/privacy\/<\/span><\/a><\/span><\/p>\n<h3 class=\"p1\"><span class=\"s1\">Soziale Netzwerke<\/span><\/h3>\n<p>Bei jedem Zugriff auf eines unserer Profile in sozialen Netzwerken (Facebook, Instagram, LinkedIn, YouTube) werden verschiedene Daten generiert, z.B. \u00fcber die \u00fcbertragene Datenmenge, die verwendete IP-Adresse oder den Zeitpunkt des Zugriffs. Der technische Zugriff sowie die weitere Verwendung der Daten, die beim Zugriff auf eines unserer Profile in den sozialen Netzwerken entstehen, werden grunds\u00e4tzlich von den Betreibern dieser sozialen Netzwerke gesteuert. Wir haben keinen Zugriff auf die erhobenen Nutzungsdaten und k\u00f6nnen nicht nachvollziehen, wie diese Daten von den jeweiligen Betreibern genutzt werden. Daher k\u00f6nnen wir aus datenschutzrechtlicher Sicht auch nicht daf\u00fcr verantwortlich gemacht werden, wie diese Daten gehandhabt werden. Wir m\u00f6chten Sie jedoch darauf hinweisen, dass die Datenverarbeitung durch Facebook, Instagram, LinkedIn oder YouTube au\u00dferhalb der Europ\u00e4ischen Union oder des Europ\u00e4ischen Wirtschaftsraums stattfinden kann. Bitte wenden Sie sich direkt an die Betreiber, um weitere Einzelheiten dar\u00fcber zu erfahren, wie sie mit den gesammelten Daten umgehen.<\/p>\n<p>Die Betreiber sozialer Netzwerke \u00fcbermitteln uns ausschlie\u00dflich statistische und anonyme Auswertungen \u00fcber die Zugriffe auf das Profil, das wir in ihren Netzwerken er\u00f6ffnet haben. Au\u00dferdem sehen wir, wie jeder andere Nutzer auch, die Beitr\u00e4ge, die einzelne Personen auf diesen Profilen ver\u00f6ffentlichen. Wir f\u00fchren keine weiteren Analysen dieser Daten durch.<\/p>\n<p>Wir m\u00f6chten Sie darauf hinweisen, dass die Nachrichten, die Sie auf den Profilen ver\u00f6ffentlichen, die wir in diesen sozialen Netzwerken besitzen, grunds\u00e4tzlich weltweit einsehbar sind.<\/p>\n<p>Weitere Informationen \u00fcber die Verarbeitung Ihrer Daten bei Facebook finden Sie hier:\u00a0<a href=\"https:\/\/www.facebook.com\/full_data_use_policy\">https:\/\/www.facebook.com\/full_data_use_policy<br \/>\n<\/a>Weitere Informationen \u00fcber die Verarbeitung Ihrer Daten bei Instagram finden Sie hier:\u00a0<a href=\"https:\/\/help.instagram.com\/519522125107875?helpref=page_content\">https:\/\/help.instagram.com\/519522125107875?helpref=page_content<br \/>\n<\/a>Weitere Informationen \u00fcber die Verarbeitung Ihrer Daten bei Linkedin finden Sie hier:\u00a0<a href=\"https:\/\/www.linkedin.com\/legal\/privacy-policy\">https:\/\/www.linkedin.com\/legal\/privacy-policy<br \/>\n<\/a>Weitere Informationen \u00fcber die Verarbeitung Ihrer Daten bei YouTube finden Sie hier:\u00a0<a href=\"https:\/\/www.youtube.com\/static?template=terms\">https:\/\/www.youtube.com\/static?template=terms<\/a><\/p>\n<p>Wir m\u00f6chten Sie darauf hinweisen, dass die Daten der Nutzer m\u00f6glicherweise au\u00dferhalb der Europ\u00e4ischen Union verarbeitet werden. Dies k\u00f6nnte Risiken f\u00fcr die Nutzer mit sich bringen, z.B. weil es schwieriger sein k\u00f6nnte, die Rechte der Nutzer durchzusetzen. In Bezug auf US-amerikanische Anbieter, die unter dem Privacy Shield zertifiziert sind oder vergleichbare Garantien f\u00fcr ein sicheres Datenschutzniveau bieten, m\u00f6chten wir betonen, dass sie sich damit zur Einhaltung der EU-Datenschutzstandards verpflichten.<\/p>\n<p>Dar\u00fcber hinaus werden die Nutzerdaten innerhalb sozialer Netzwerke in der Regel zu Marktforschungs- und Werbezwecken verarbeitet. Beispielsweise k\u00f6nnen Nutzerprofile auf der Grundlage des Nutzerverhaltens und der daraus resultierenden Interessen erstellt werden. Nutzungsprofile k\u00f6nnen z. B. auch verwendet werden, um Werbung innerhalb und au\u00dferhalb der Netzwerke zu platzieren, von der angenommen wird, dass sie den Interessen der Nutzer entspricht. Zu diesem Zweck werden in der Regel Cookies auf dem Computer des Nutzers gespeichert, in denen das Nutzungsverhalten und die Interessen des Nutzers gespeichert werden. Dar\u00fcber hinaus k\u00f6nnen Daten auch in Nutzerprofilen unabh\u00e4ngig von den von den Nutzern verwendeten Ger\u00e4ten gespeichert werden (insbesondere wenn die Nutzer Mitglieder der jeweiligen Plattformen sind und sich dort eingeloggt haben).<\/p>\n<p>F\u00fcr eine detaillierte Beschreibung der verschiedenen Verarbeitungsformen und der Opt-out-M\u00f6glichkeiten verweisen wir auf die Datenschutzerkl\u00e4rungen und Informationen der jeweiligen Netzbetreiber.<\/p>\n<p>Wir weisen auch darauf hin, dass im Falle von Auskunftsanspr\u00fcchen und der Geltendmachung von Rechten der betroffenen Personen diese am effektivsten bei den Anbietern geltend gemacht werden k\u00f6nnen. Nur die Anbieter haben Zugang zu den Daten der Nutzer und k\u00f6nnen direkt geeignete Ma\u00dfnahmen ergreifen und Informationen bereitstellen. Wenn Sie dennoch Hilfe ben\u00f6tigen, k\u00f6nnen Sie sich gerne an uns wenden.<\/p>\n<p><strong>Arten von verarbeiteten Daten:<\/strong>\u00a0Bestandsdaten (z.B. Namen, Adressen), Kontaktdaten (z.B. E-Mail, Telefonnummern), Inhaltsdaten (z.B. Texteingaben, Fotos, Videos), Nutzungsdaten (z.B. besuchte Webseiten, Interesse an Inhalten, Zugriffszeit), Meta-\/Kommunikationsdaten (z.B. Ger\u00e4teinformationen, IP-Adressen).<\/p>\n<p><strong>Betroffene Personen:<\/strong>\u00a0Nutzer (z. B. Besucher der Website, Nutzer von Online-Diensten).<\/p>\n<p><strong>Zwecke der Verarbeitung:<\/strong>\u00a0Kontaktanfragen und Kommunikation, Tracking (z. B. Profiling von Interessen\/Verhalten, Verwendung von Cookies), Remarketing, Reichweitenmessung (z.B. Zugriffsstatistiken, Erkennung von wiederkehrenden Besuchern).<\/p>\n<p><strong>Rechtsgrundlage:<\/strong>\u00a0Berechtigte Interessen (Art. 6 Abs. 1 DSGVO).<\/p>\n<p><strong>Verwendete Dienste und Dienstleister:<\/strong><\/p>\n<p><strong>Instagram:<\/strong>\u00a0Soziales Netzwerk; Dienstanbieter: Instagram Inc., 1601 Willow Road, Menlo Park, CA, 94025, USA; Website:\u00a0<a href=\"https:\/\/www.instagram.com\/\">https:\/\/www.instagram.com<\/a>; Datenschutzerkl\u00e4rung:\u00a0<a href=\"http:\/\/instagram.com\/about\/legal\/privacy\">http:\/\/instagram.com\/about\/legal\/privacy<\/a>.<\/p>\n<p><strong>Facebook:<\/strong>\u00a0Soziales Netzwerk; Dienstanbieter: Facebook Ireland Ltd., 4 Grand Canal Square, Grand Canal Harbour, Dublin 2, Irland, Muttergesellschaft: Facebook, 1 Hacker Way, Menlo Park, CA 94025, USA; Webseite:\u00a0<a href=\"https:\/\/www.facebook.com\/\">https:\/\/www.facebook.com<\/a>; Datenschutzerkl\u00e4rung:\u00a0<a href=\"https:\/\/www.facebook.com\/about\/privacy\">https:\/\/www.facebook.com\/about\/privacy<\/a>; Privacy Shield (Sicherstellung des Datenschutzniveaus bei der Datenverarbeitung in den USA):\u00a0<a href=\"https:\/\/www.privacyshield.gov\/participant?id=a2zt0000000GnywAAC&amp;status=Active\">https:\/\/www.privacyshield.gov\/participant?id=a2zt0000000GnywAAC&amp;status=Active<\/a>; Widerspruchsm\u00f6glichkeit (Opt-Out): Einstellungen f\u00fcr Werbeanzeigen:\u00a0<a href=\"https:\/\/www.facebook.com\/settings?tab=ads\">https:\/\/www.facebook.com\/settings?tab=ads<\/a>; Weitere Informationen zum Datenschutz: Vereinbarung \u00fcber die gemeinsame Verarbeitung personenbezogener Daten auf Facebook-Seiten:\u00a0<a href=\"https:\/\/www.facebook.com\/legal\/terms\/page_controller_addendum\">https:\/\/www.facebook.com\/legal\/terms\/page_controller_addendum<\/a>, Datenschutzrichtlinien f\u00fcr Facebook-Seiten:\u00a0<a href=\"https:\/\/www.facebook.com\/legal\/terms\/information_about_page_insights_data\">https:\/\/www.facebook.com\/legal\/terms\/information_about_page_insights_data<\/a>.<\/p>\n<p><strong>LinkedIn:<\/strong>\u00a0Soziales Netzwerk; Dienstanbieter: LinkedIn Ireland Unlimited Company, Wilton Place, Dublin 2, Irlandr; Website:\u00a0<a href=\"https:\/\/www.linkedin.com\/\">https:\/\/www.linkedin.com<\/a>; Datenschutzerkl\u00e4rung:\u00a0<a href=\"https:\/\/www.linkedin.com\/legal\/privacy-policy\">https:\/\/www.linkedin.com\/legal\/privacy-policy<\/a>; Privacy Shield (Sicherstellung des Datenschutzniveaus bei der Datenverarbeitung in den USA):\u00a0<a href=\"https:\/\/www.privacyshield.gov\/participant?id=a2zt0000000L0UZAA0&amp;status=Active\">https:\/\/www.privacyshield.gov\/participant?id=a2zt0000000L0UZAA0&amp;status=Active<\/a>; Widerspruchsm\u00f6glichkeit (Opt-Out):\u00a0<a href=\"https:\/\/www.linkedin.com\/psettings\/guest-controls\/retargeting-opt-out\">https:\/\/www.linkedin.com\/psettings\/guest-controls\/retargeting-opt-out<\/a>.<\/p>\n<p><strong>YouTube:<\/strong>\u00a0Soziales Netzwerk; Dienstanbieter: Google Ireland Limited, Gordon House, Barrow Street, Dublin 4, Irland, Muttergesellschaft: Google LLC, 1600 Amphitheatre Parkway, Mountain View, CA 94043, USA; Datenschutzerkl\u00e4rung:\u00a0<a href=\"https:\/\/policies.google.com\/privacy\">https:\/\/policies.google.com\/privacy<\/a>; Privacy Shield (Sicherstellung des Datenschutzniveaus bei der Datenverarbeitung in den USA):\u00a0<a href=\"https:\/\/www.privacyshield.gov\/participant?id=a2zt000000001L5AAI&amp;status=Active\">https:\/\/www.privacyshield.gov\/participant?id=a2zt000000001L5AAI&amp;status=Active<\/a>; Widerspruchsm\u00f6glichkeit (Opt-Out):\u00a0<a href=\"https:\/\/adssettings.google.com\/authenticated\">https:\/\/adssettings.google.com\/authenticated<\/a>.<\/p>\n<h1>4) Wie sch\u00fctzen wir Ihre Daten?<\/h1>\n<p>Wir verpflichten uns, technische und organisatorische Ma\u00dfnahmen zu ergreifen, um die Sicherheit der Daten zu gew\u00e4hrleisten und sie vor der Weitergabe an Unbefugte, der Zerst\u00f6rung oder dem Verlust zu sch\u00fctzen.<\/p>\n<p>Wir weisen darauf hin, dass die Daten\u00fcbertragung im Internet (z.B. bei der Kommunikation per E-Mail) Sicherheitsl\u00fccken aufweisen kann. Ein l\u00fcckenloser Schutz der Daten vor dem Zugriff durch Dritte ist nicht m\u00f6glich.<\/p>\n<h1>5) Welche Rechte haben Sie in Bezug auf Ihre Daten?<\/h1>\n<p>Als nat\u00fcrliche Person haben Sie eine Reihe von Rechten, die Sie unter bestimmten Umst\u00e4nden aus\u00fcben k\u00f6nnen.<\/p>\n<ul>\n<li><strong>Recht auf Zugang:<\/strong>\u00a0Sie k\u00f6nnen jederzeit Zugang zu den Sie betreffenden Daten und eine Kopie dieser Daten verlangen;<\/li>\n<li><strong>Recht auf Berichtigung:<\/strong>\u00a0Sie k\u00f6nnen jederzeit verlangen, dass unrichtige oder unvollst\u00e4ndige Daten berichtigt oder vervollst\u00e4ndigt werden;<\/li>\n<li><strong>Recht auf L\u00f6schung:<\/strong>\u00a0Sie k\u00f6nnen die L\u00f6schung Ihrer Daten verlangen, wenn die Daten z.B. f\u00fcr die Zwecke, f\u00fcr die sie erhoben oder verarbeitet wurden, nicht mehr erforderlich sind;<\/li>\n<li><strong>Recht auf Einschr\u00e4nkung der Verarbeitung:<\/strong>\u00a0Sie k\u00f6nnen verlangen, dass der f\u00fcr die Verarbeitung Verantwortliche die Verarbeitung Ihrer Daten einschr\u00e4nkt, wenn Sie z. B. die Richtigkeit der Sie betreffenden Daten anzweifeln oder Widerspruch gegen die Verarbeitung der Sie betreffenden Daten einlegen;<\/li>\n<li><strong>Recht auf Daten\u00fcbertragbarkeit:<\/strong>\u00a0Sie haben das Recht, Ihre Daten in einem strukturierten, g\u00e4ngigen und maschinenlesbaren Format an einen anderen f\u00fcr die Verarbeitung Verantwortlichen zu \u00fcbermitteln, wenn die Verarbeitung mithilfe automatisierter Mittel erfolgt oder auf einer vorherigen Einwilligung beruht;<\/li>\n<li><strong>Recht auf Widerspruch gegen die Verarbeitung:<\/strong>\u00a0Sie k\u00f6nnen gegen die Verarbeitung Ihrer Daten Widerspruch einlegen und Ihre Einwilligung widerrufen, wenn die Verarbeitung auf einer Einwilligung beruht (insbesondere wenn Ihre Daten f\u00fcr Zwecke der Werbung verwendet werden).<\/li>\n<\/ul>\n<p>Um Ihre Rechte auszu\u00fcben, wenden Sie sich bitte unter der folgenden E-Mail-Adresse an uns:\u00a0<a href=\"mailto:dpo@na-cf.lu\">dpo@na-cf.lu<\/a><\/p>\n<p>Ihr Antrag wird innerhalb eines Monats nach Best\u00e4tigung Ihrer Identit\u00e4t bearbeitet. Diese Frist kann bei komplexen Antr\u00e4gen oder aufgrund einer gro\u00dfen Anzahl von Antr\u00e4gen um weitere zwei Monate verl\u00e4ngert werden.<\/p>\n<p>F\u00fcr den Zugriff auf Ihre personenbezogenen Daten (oder die Aus\u00fcbung eines anderen Ihrer Rechte) m\u00fcssen Sie keine Geb\u00fchren zahlen. Wir k\u00f6nnen Ihnen jedoch eine angemessene Geb\u00fchr berechnen, wenn Ihr Antrag auf Zugang offensichtlich unbegr\u00fcndet oder unangemessen ist. Wir k\u00f6nnen uns auch aus demselben Grund weigern, Ihre Anfrage zu bearbeiten.<\/p>\n<p>Wenn Sie unzufrieden sind, k\u00f6nnen Sie eine Beschwerde bei der Nationalen Kommission f\u00fcr Datenschutz (CNPD) einreichen:\u00a0<a href=\"https:\/\/cnpd.public.lu\/\">https:\/\/cnpd.public.lu\/<\/a><\/p>\n<h1>6) Aktualisierung dieser Erkl\u00e4rung<\/h1>\n<p>Wir k\u00f6nnen Teile dieser Datenschutzerkl\u00e4rung jederzeit \u00e4ndern, modifizieren, hinzuf\u00fcgen oder entfernen.<\/p>\n<p>Letzte Aktualisierung: 28.7.2023","protected":false},"excerpt":{"rendered":"<p>Einf\u00fchrung Wir behandeln Ihre personenbezogenen Daten vertraulich und gem\u00e4\u00df den gesetzlichen Datenschutzbestimmungen Luxemburgs und der EU, darunter die Allgemeine Verordnung zum Schutz personenbezogener Daten (Nr. 679\/2016\/EU) (im Folgenden \u201eDSGVO\u201c), sowie gem\u00e4\u00df dieser&#8230;<\/p>\n","protected":false},"author":1,"featured_media":0,"parent":0,"menu_order":0,"comment_status":"closed","ping_status":"closed","template":"","meta":[],"_links":{"self":[{"href":"https:\/\/cityhotel.lu\/de\/wp-json\/wp\/v2\/pages\/41"}],"collection":[{"href":"https:\/\/cityhotel.lu\/de\/wp-json\/wp\/v2\/pages"}],"about":[{"href":"https:\/\/cityhotel.lu\/de\/wp-json\/wp\/v2\/types\/page"}],"author":[{"embeddable":true,"href":"https:\/\/cityhotel.lu\/de\/wp-json\/wp\/v2\/users\/1"}],"replies":[{"embeddable":true,"href":"https:\/\/cityhotel.lu\/de\/wp-json\/wp\/v2\/comments?post=41"}],"version-history":[{"count":17,"href":"https:\/\/cityhotel.lu\/de\/wp-json\/wp\/v2\/pages\/41\/revisions"}],"predecessor-version":[{"id":1254,"href":"https:\/\/cityhotel.lu\/de\/wp-json\/wp\/v2\/pages\/41\/revisions\/1254"}],"wp:attachment":[{"href":"https:\/\/cityhotel.lu\/de\/wp-json\/wp\/v2\/media?parent=41"}],"curies":[{"name":"wp","href":"https:\/\/api.w.org\/{rel}","templated":true}]}}