{"id":12,"date":"2018-04-27T13:15:33","date_gmt":"2018-04-27T13:15:33","guid":{"rendered":"https:\/\/cityhotel.lu\/?page_id=12"},"modified":"2019-01-24T14:56:02","modified_gmt":"2019-01-24T13:56:02","slug":"rooms","status":"publish","type":"page","link":"https:\/\/cityhotel.lu\/de\/rooms\/","title":{"rendered":"Hotelzimmer"},"content":{"rendered":"Die 32 frisch renovierten Nichtraucherzimmer wurden deutlich verbessert und neu gestaltet. Die Einrichtung, das Farbschema und die Bilder wurden mit gro\u00dfer Sorgfalt und mit Liebe zum Detail ausgew\u00e4hlt. Dar\u00fcber hinaus sind die M\u00f6bel aus zertifiziertem, nachhaltigem Holz gefertigt.<\/p>\n<p>Es wurden wesentliche \u00c4nderungen vorgenommen, wie z.B. die komplette Renovierung der Klimaanlage, der Isolierung und des Schallschutzes der R\u00e4ume, um den wesentlichen Komfort f\u00fcr einen guten Schlaf und ein gesundes Klima zu optimieren.","protected":false},"excerpt":{"rendered":"<p>Die 32 frisch renovierten Nichtraucherzimmer wurden deutlich verbessert und neu gestaltet. Die Einrichtung, das Farbschema und die Bilder wurden mit gro\u00dfer Sorgfalt und mit Liebe zum Detail ausgew\u00e4hlt. Dar\u00fcber hinaus sind die&#8230;<\/p>\n","protected":false},"author":1,"featured_media":90,"parent":0,"menu_order":0,"comment_status":"closed","ping_status":"closed","template":"page-rooms.php","meta":[],"_links":{"self":[{"href":"https:\/\/cityhotel.lu\/de\/wp-json\/wp\/v2\/pages\/12"}],"collection":[{"href":"https:\/\/cityhotel.lu\/de\/wp-json\/wp\/v2\/pages"}],"about":[{"href":"https:\/\/cityhotel.lu\/de\/wp-json\/wp\/v2\/types\/page"}],"author":[{"embeddable":true,"href":"https:\/\/cityhotel.lu\/de\/wp-json\/wp\/v2\/users\/1"}],"replies":[{"embeddable":true,"href":"https:\/\/cityhotel.lu\/de\/wp-json\/wp\/v2\/comments?post=12"}],"version-history":[{"count":25,"href":"https:\/\/cityhotel.lu\/de\/wp-json\/wp\/v2\/pages\/12\/revisions"}],"predecessor-version":[{"id":430,"href":"https:\/\/cityhotel.lu\/de\/wp-json\/wp\/v2\/pages\/12\/revisions\/430"}],"wp:featuredmedia":[{"embeddable":true,"href":"https:\/\/cityhotel.lu\/de\/wp-json\/wp\/v2\/media\/90"}],"wp:attachment":[{"href":"https:\/\/cityhotel.lu\/de\/wp-json\/wp\/v2\/media?parent=12"}],"curies":[{"name":"wp","href":"https:\/\/api.w.org\/{rel}","templated":true}]}}